{"id":9334,"date":"2024-01-04T11:55:43","date_gmt":"2024-01-04T11:55:54","guid":{"rendered":"https:\/\/www.manicomio.pt\/?page_id=9334"},"modified":"2025-09-25T20:20:26","modified_gmt":"2025-09-25T20:20:26","slug":"contactos","status":"publish","type":"page","link":"https:\/\/manicomio.pt\/en\/contactos\/","title":{"rendered":"Get in touch"},"content":{"rendered":"<div data-elementor-type=\"wp-post\" data-elementor-id=\"9334\" class=\"elementor elementor-9334\">\n\t\t\t\t\t\t<div class=\"elementor-inner\">\n\t\t\t\t<div class=\"elementor-section-wrap\">\n\t\t\t\t\t\t\t\t\t<section class=\"elementor-section elementor-top-section elementor-element elementor-element-408c761 elementor-section-boxed elementor-section-height-default elementor-section-height-default\" data-id=\"408c761\" data-element_type=\"section\" data-settings=\"{&quot;background_background&quot;:&quot;classic&quot;}\">\n\t\t\t\t\t\t<div class=\"elementor-container elementor-column-gap-extended\">\n\t\t\t\t\t\t\t<div class=\"elementor-row\">\n\t\t\t\t\t<div class=\"elementor-column elementor-col-100 elementor-top-column elementor-element elementor-element-d9fb587 sc_inner_width_none sc_content_align_inherit sc_layouts_column_icons_position_left\" data-id=\"d9fb587\" data-element_type=\"column\">\n\t\t\t<div class=\"elementor-column-wrap\">\n\t\t\t\t\t\t\t<div class=\"elementor-widget-wrap\">\n\t\t\t\t\t\t\t\t<\/div>\n\t\t\t\t\t<\/div>\n\t\t<\/div>\n\t\t\t\t\t\t\t\t<\/div>\n\t\t\t\t\t<\/div>\n\t\t<\/section>\n\t\t\t\t<section class=\"elementor-section elementor-top-section elementor-element elementor-element-eb021c4 elementor-section-boxed elementor-section-height-default elementor-section-height-default\" data-id=\"eb021c4\" data-element_type=\"section\" data-settings=\"{&quot;background_background&quot;:&quot;classic&quot;}\">\n\t\t\t\t\t\t<div class=\"elementor-container elementor-column-gap-extended\">\n\t\t\t\t\t\t\t<div class=\"elementor-row\">\n\t\t\t\t\t<div class=\"elementor-column elementor-col-100 elementor-top-column elementor-element elementor-element-cd58ad5 sc_inner_width_none sc_content_align_inherit sc_layouts_column_icons_position_left\" data-id=\"cd58ad5\" data-element_type=\"column\">\n\t\t\t<div class=\"elementor-column-wrap elementor-element-populated\">\n\t\t\t\t\t\t\t<div class=\"elementor-widget-wrap\">\n\t\t\t\t\t\t<div class=\"elementor-element elementor-element-8d00d1a animation_type_block sc_fly_static elementor-widget elementor-widget-spacer\" data-id=\"8d00d1a\" data-element_type=\"widget\" data-widget_type=\"spacer.default\">\n\t\t\t\t<div class=\"elementor-widget-container\">\n\t\t\t\t\t<div class=\"elementor-spacer\">\n\t\t\t<div class=\"elementor-spacer-inner\"><\/div>\n\t\t<\/div>\n\t\t\t\t<\/div>\n\t\t\t\t<\/div>\n\t\t\t\t\t\t<\/div>\n\t\t\t\t\t<\/div>\n\t\t<\/div>\n\t\t\t\t\t\t\t\t<\/div>\n\t\t\t\t\t<\/div>\n\t\t<\/section>\n\t\t\t\t<section class=\"elementor-section elementor-top-section elementor-element elementor-element-f658252 elementor-section-stretched gray banner-page elementor-section-boxed elementor-section-height-default elementor-section-height-default\" data-id=\"f658252\" data-element_type=\"section\" data-settings=\"{&quot;stretch_section&quot;:&quot;section-stretched&quot;,&quot;background_background&quot;:&quot;classic&quot;}\">\n\t\t\t\t\t\t<div class=\"elementor-container elementor-column-gap-no\">\n\t\t\t\t\t\t\t<div class=\"elementor-row\">\n\t\t\t\t\t<div class=\"elementor-column elementor-col-100 elementor-top-column elementor-element elementor-element-7df16b5 sc_inner_width_none sc_content_align_inherit sc_layouts_column_icons_position_left\" data-id=\"7df16b5\" data-element_type=\"column\">\n\t\t\t<div class=\"elementor-column-wrap elementor-element-populated\">\n\t\t\t\t\t\t\t<div class=\"elementor-widget-wrap\">\n\t\t\t\t\t\t<section class=\"elementor-section elementor-inner-section elementor-element elementor-element-1d48032 elementor-section-boxed elementor-section-height-default elementor-section-height-default\" data-id=\"1d48032\" data-element_type=\"section\">\n\t\t\t\t\t\t<div class=\"elementor-container elementor-column-gap-no\">\n\t\t\t\t\t\t\t<div class=\"elementor-row\">\n\t\t\t\t\t<div class=\"elementor-column elementor-col-100 elementor-inner-column elementor-element elementor-element-b05243a sc_inner_width_none sc_content_align_inherit sc_layouts_column_icons_position_left\" data-id=\"b05243a\" data-element_type=\"column\">\n\t\t\t<div class=\"elementor-column-wrap elementor-element-populated\">\n\t\t\t\t\t\t\t<div class=\"elementor-widget-wrap\">\n\t\t\t\t\t\t<div class=\"elementor-element elementor-element-44e0e6b animation_type_block sc_fly_static elementor-widget elementor-widget-heading\" data-id=\"44e0e6b\" data-element_type=\"widget\" data-widget_type=\"heading.default\">\n\t\t\t\t<div class=\"elementor-widget-container\">\n\t\t\t<span class=\"elementor-heading-title elementor-size-default\">GET IN TOUCH WITH US<\/span>\t\t<\/div>\n\t\t\t\t<\/div>\n\t\t\t\t<div class=\"elementor-element elementor-element-322a15f animation_type_block sc_fly_static elementor-widget elementor-widget-heading\" data-id=\"322a15f\" data-element_type=\"widget\" data-widget_type=\"heading.default\">\n\t\t\t\t<div class=\"elementor-widget-container\">\n\t\t\t<h1 class=\"elementor-heading-title elementor-size-default\">Get in touch<\/h1>\t\t<\/div>\n\t\t\t\t<\/div>\n\t\t\t\t<div class=\"elementor-element elementor-element-e9acb4d elementor-widget__width-initial animation_type_block sc_fly_static elementor-widget elementor-widget-heading\" data-id=\"e9acb4d\" data-element_type=\"widget\" data-widget_type=\"heading.default\">\n\t\t\t\t<div class=\"elementor-widget-container\">\n\t\t\t<p class=\"elementor-heading-title elementor-size-default\">If you\u2019d like to know more about us, please fill in the form and we\u2019ll be in touch soon. See you soon!<\/p>\t\t<\/div>\n\t\t\t\t<\/div>\n\t\t\t\t\t\t<\/div>\n\t\t\t\t\t<\/div>\n\t\t<\/div>\n\t\t\t\t\t\t\t\t<\/div>\n\t\t\t\t\t<\/div>\n\t\t<\/section>\n\t\t\t\t\t\t<\/div>\n\t\t\t\t\t<\/div>\n\t\t<\/div>\n\t\t\t\t\t\t\t\t<\/div>\n\t\t\t\t\t<\/div>\n\t\t<\/section>\n\t\t\t\t<section class=\"elementor-section elementor-top-section elementor-element elementor-element-1ab4354 section elementor-section-boxed elementor-section-height-default elementor-section-height-default\" data-id=\"1ab4354\" data-element_type=\"section\" data-settings=\"{&quot;background_background&quot;:&quot;classic&quot;}\">\n\t\t\t\t\t\t<div class=\"elementor-container elementor-column-gap-extended\">\n\t\t\t\t\t\t\t<div class=\"elementor-row\">\n\t\t\t\t\t<div class=\"elementor-column elementor-col-100 elementor-top-column elementor-element elementor-element-0083645 sc_inner_width_none sc_content_align_inherit sc_layouts_column_icons_position_left\" data-id=\"0083645\" data-element_type=\"column\">\n\t\t\t<div class=\"elementor-column-wrap elementor-element-populated\">\n\t\t\t\t\t\t\t<div class=\"elementor-widget-wrap\">\n\t\t\t\t\t\t<section class=\"elementor-section elementor-inner-section elementor-element elementor-element-c917079 elementor-section-boxed elementor-section-height-default elementor-section-height-default\" data-id=\"c917079\" data-element_type=\"section\">\n\t\t\t\t\t\t<div class=\"elementor-container elementor-column-gap-extended\">\n\t\t\t\t\t\t\t<div class=\"elementor-row\">\n\t\t\t\t\t<div class=\"elementor-column elementor-col-50 elementor-inner-column elementor-element elementor-element-91e60ab social-icons icon-wrapper sc_inner_width_none sc_content_align_inherit sc_layouts_column_icons_position_left\" data-id=\"91e60ab\" data-element_type=\"column\">\n\t\t\t<div class=\"elementor-column-wrap elementor-element-populated\">\n\t\t\t\t\t\t\t<div class=\"elementor-widget-wrap\">\n\t\t\t\t\t\t<div class=\"elementor-element elementor-element-92e151d animation_type_block sc_fly_static elementor-widget elementor-widget-heading\" data-id=\"92e151d\" data-element_type=\"widget\" data-widget_type=\"heading.default\">\n\t\t\t\t<div class=\"elementor-widget-container\">\n\t\t\t<h3 class=\"elementor-heading-title elementor-size-default\">Follow us<\/h3>\t\t<\/div>\n\t\t\t\t<\/div>\n\t\t\t\t<div class=\"elementor-element elementor-element-4ce0844 icon elementor-view-default animation_type_block sc_fly_static elementor-widget elementor-widget-icon\" data-id=\"4ce0844\" data-element_type=\"widget\" data-widget_type=\"icon.default\">\n\t\t\t\t<div class=\"elementor-widget-container\">\n\t\t\t\t\t<div class=\"elementor-icon-wrapper\">\n\t\t\t<a class=\"elementor-icon\" href=\"https:\/\/www.instagram.com\/manicomio.pt\/\">\n\t\t\t<svg xmlns=\"http:\/\/www.w3.org\/2000\/svg\" width=\"24\" height=\"24\" viewbox=\"0 0 24 24\" fill=\"none\"><path d=\"M11.6314 8.62996C9.97878 8.62996 8.63015 9.97859 8.63015 11.6312C8.63015 13.2838 9.97878 14.6324 11.6314 14.6324C13.284 14.6324 14.6326 13.2838 14.6326 11.6312C14.6326 9.97859 13.284 8.62996 11.6314 8.62996ZM20.6328 11.6312C20.6328 10.3884 20.644 9.1568 20.5742 7.91624C20.5045 6.47529 20.1757 5.19645 19.122 4.14276C18.0661 3.08682 16.7895 2.76035 15.3486 2.69056C14.1057 2.62076 12.8742 2.63202 11.6336 2.63202C10.3908 2.63202 9.15925 2.62076 7.91868 2.69056C6.47773 2.76035 5.19889 3.08907 4.1452 4.14276C3.08926 5.1987 2.76279 6.47529 2.693 7.91624C2.6232 9.15905 2.63446 10.3906 2.63446 11.6312C2.63446 12.8717 2.6232 14.1056 2.693 15.3461C2.76279 16.7871 3.09151 18.0659 4.1452 19.1196C5.20115 20.1755 6.47773 20.502 7.91868 20.5718C9.1615 20.6416 10.3931 20.6303 11.6336 20.6303C12.8764 20.6303 14.108 20.6416 15.3486 20.5718C16.7895 20.502 18.0684 20.1733 19.122 19.1196C20.178 18.0637 20.5045 16.7871 20.5742 15.3461C20.6463 14.1056 20.6328 12.874 20.6328 11.6312V11.6312ZM11.6314 16.249C9.07594 16.249 7.01359 14.1866 7.01359 11.6312C7.01359 9.07575 9.07594 7.0134 11.6314 7.0134C14.1868 7.0134 16.2492 9.07575 16.2492 11.6312C16.2492 14.1866 14.1868 16.249 11.6314 16.249ZM16.4383 7.90273C15.8416 7.90273 15.3598 7.42091 15.3598 6.82427C15.3598 6.22763 15.8416 5.74581 16.4383 5.74581C17.0349 5.74581 17.5167 6.22763 17.5167 6.82427C17.5169 6.96595 17.4891 7.10626 17.435 7.23719C17.3809 7.36811 17.3014 7.48707 17.2013 7.58725C17.1011 7.68743 16.9821 7.76686 16.8512 7.821C16.7203 7.87513 16.58 7.90291 16.4383 7.90273V7.90273Z\" fill=\"white\"><\/path><\/svg>\t\t\t<\/a>\n\t\t<\/div>\n\t\t\t\t<\/div>\n\t\t\t\t<\/div>\n\t\t\t\t<div class=\"elementor-element elementor-element-ad1d2dc icon elementor-view-default animation_type_block sc_fly_static elementor-widget elementor-widget-icon\" data-id=\"ad1d2dc\" data-element_type=\"widget\" data-widget_type=\"icon.default\">\n\t\t\t\t<div class=\"elementor-widget-container\">\n\t\t\t\t\t<div class=\"elementor-icon-wrapper\">\n\t\t\t<a class=\"elementor-icon\" href=\"https:\/\/www.facebook.com\/manicomio.portugal\/\">\n\t\t\t<svg xmlns=\"http:\/\/www.w3.org\/2000\/svg\" width=\"24\" height=\"24\" viewbox=\"0 0 24 24\" fill=\"none\"><path d=\"M20.28 3H3.72C3.32175 3 3 3.32175 3 3.72V20.28C3 20.6783 3.32175 21 3.72 21H20.28C20.6783 21 21 20.6783 21 20.28V3.72C21 3.32175 20.6783 3 20.28 3ZM18.201 8.25375H16.7633C15.636 8.25375 15.4178 8.78925 15.4178 9.57675V11.3115H18.1088L17.7578 14.0272H15.4178V21H12.612V14.0295H10.2653V11.3115H12.612V9.309C12.612 6.98475 14.0318 5.718 16.1063 5.718C17.1008 5.718 17.9535 5.79225 18.2033 5.826V8.25375H18.201Z\" fill=\"white\"><\/path><\/svg>\t\t\t<\/a>\n\t\t<\/div>\n\t\t\t\t<\/div>\n\t\t\t\t<\/div>\n\t\t\t\t<div class=\"elementor-element elementor-element-7d603c1 icon elementor-view-default animation_type_block sc_fly_static elementor-widget elementor-widget-icon\" data-id=\"7d603c1\" data-element_type=\"widget\" data-widget_type=\"icon.default\">\n\t\t\t\t<div class=\"elementor-widget-container\">\n\t\t\t\t\t<div class=\"elementor-icon-wrapper\">\n\t\t\t<a class=\"elementor-icon\" href=\"http:\/\/linkedin.com\/company\/manic\u00f3mio\/\" target=\"_blank\">\n\t\t\t<i aria-hidden=\"true\" class=\"fab fa-linkedin\"><\/i>\t\t\t<\/a>\n\t\t<\/div>\n\t\t\t\t<\/div>\n\t\t\t\t<\/div>\n\t\t\t\t<div class=\"elementor-element elementor-element-9e04ff9 icon elementor-view-default animation_type_block sc_fly_static elementor-widget elementor-widget-icon\" data-id=\"9e04ff9\" data-element_type=\"widget\" data-widget_type=\"icon.default\">\n\t\t\t\t<div class=\"elementor-widget-container\">\n\t\t\t\t\t<div class=\"elementor-icon-wrapper\">\n\t\t\t<a class=\"elementor-icon\" href=\"https:\/\/www.facebook.com\/manicomio.portugal\/\">\n\t\t\t<svg xmlns=\"http:\/\/www.w3.org\/2000\/svg\" width=\"24\" height=\"24\" viewbox=\"0 0 24 24\" fill=\"none\"><path d=\"M20.28 3H3.72C3.32175 3 3 3.32175 3 3.72V20.28C3 20.6783 3.32175 21 3.72 21H20.28C20.6783 21 21 20.6783 21 20.28V3.72C21 3.32175 20.6783 3 20.28 3ZM18.201 8.25375H16.7633C15.636 8.25375 15.4178 8.78925 15.4178 9.57675V11.3115H18.1088L17.7578 14.0272H15.4178V21H12.612V14.0295H10.2653V11.3115H12.612V9.309C12.612 6.98475 14.0318 5.718 16.1063 5.718C17.1008 5.718 17.9535 5.79225 18.2033 5.826V8.25375H18.201Z\" fill=\"white\"><\/path><\/svg>\t\t\t<\/a>\n\t\t<\/div>\n\t\t\t\t<\/div>\n\t\t\t\t<\/div>\n\t\t\t\t\t\t<\/div>\n\t\t\t\t\t<\/div>\n\t\t<\/div>\n\t\t\t\t<div class=\"elementor-column elementor-col-50 elementor-inner-column elementor-element elementor-element-8a14122 sc_inner_width_none sc_content_align_inherit sc_layouts_column_icons_position_left\" data-id=\"8a14122\" data-element_type=\"column\">\n\t\t\t<div class=\"elementor-column-wrap elementor-element-populated\">\n\t\t\t\t\t\t\t<div class=\"elementor-widget-wrap\">\n\t\t\t\t\t\t<div class=\"elementor-element elementor-element-53b7e3c animation_type_block sc_fly_static elementor-widget elementor-widget-heading\" data-id=\"53b7e3c\" data-element_type=\"widget\" data-widget_type=\"heading.default\">\n\t\t\t\t<div class=\"elementor-widget-container\">\n\t\t\t<h3 class=\"elementor-heading-title elementor-size-default\">Address<\/h3>\t\t<\/div>\n\t\t\t\t<\/div>\n\t\t\t\t<div class=\"elementor-element elementor-element-2023d67 animation_type_block sc_fly_static elementor-widget elementor-widget-text-editor\" data-id=\"2023d67\" data-element_type=\"widget\" data-widget_type=\"text-editor.default\">\n\t\t\t\t<div class=\"elementor-widget-container\">\n\t\t\t\t\t\t\t\t<div class=\"elementor-text-editor elementor-clearfix\">\n\t\t\t\t<div>A new location coming soon :)<\/div>\t\t\t\t\t<\/div>\n\t\t\t\t\t\t<\/div>\n\t\t\t\t<\/div>\n\t\t\t\t\t\t<\/div>\n\t\t\t\t\t<\/div>\n\t\t<\/div>\n\t\t\t\t\t\t\t\t<\/div>\n\t\t\t\t\t<\/div>\n\t\t<\/section>\n\t\t\t\t<div class=\"elementor-element elementor-element-3989764 animation_type_block sc_fly_static elementor-widget elementor-widget-spacer\" data-id=\"3989764\" data-element_type=\"widget\" data-widget_type=\"spacer.default\">\n\t\t\t\t<div class=\"elementor-widget-container\">\n\t\t\t\t\t<div class=\"elementor-spacer\">\n\t\t\t<div class=\"elementor-spacer-inner\"><\/div>\n\t\t<\/div>\n\t\t\t\t<\/div>\n\t\t\t\t<\/div>\n\t\t\t\t<div class=\"elementor-element elementor-element-2e5587f h5_costum animation_type_block sc_fly_static elementor-widget elementor-widget-heading\" data-id=\"2e5587f\" data-element_type=\"widget\" data-widget_type=\"heading.default\">\n\t\t\t\t<div class=\"elementor-widget-container\">\n\t\t\t<h2 class=\"elementor-heading-title elementor-size-default\">Let's work together!<\/h2>\t\t<\/div>\n\t\t\t\t<\/div>\n\t\t\t\t<div class=\"elementor-element elementor-element-7d88de9 h5_costum animation_type_block sc_fly_static elementor-widget elementor-widget-heading\" data-id=\"7d88de9\" data-element_type=\"widget\" data-widget_type=\"heading.default\">\n\t\t\t\t<div class=\"elementor-widget-container\">\n\t\t\t<p class=\"elementor-heading-title elementor-size-default\">Send us an email to: <a style=\"text-decoration:underline\" href=\"mailTo:info@manicomio.pt\">info@manicomio.pt<\/a><\/p>\t\t<\/div>\n\t\t\t\t<\/div>\n\t\t\t\t\t\t<\/div>\n\t\t\t\t\t<\/div>\n\t\t<\/div>\n\t\t\t\t\t\t\t\t<\/div>\n\t\t\t\t\t<\/div>\n\t\t<\/section>\n\t\t\t\t<section class=\"elementor-section elementor-top-section elementor-element elementor-element-794a4d9 elementor-section-stretched elementor-section-boxed elementor-section-height-default elementor-section-height-default\" data-id=\"794a4d9\" data-element_type=\"section\" data-settings=\"{&quot;stretch_section&quot;:&quot;section-stretched&quot;,&quot;background_background&quot;:&quot;classic&quot;}\">\n\t\t\t\t\t\t<div class=\"elementor-container elementor-column-gap-no\">\n\t\t\t\t\t\t\t<div class=\"elementor-row\">\n\t\t\t\t\t<div class=\"elementor-column elementor-col-100 elementor-top-column elementor-element elementor-element-83a0cb6 sc_inner_width_none sc_content_align_inherit sc_layouts_column_icons_position_left\" data-id=\"83a0cb6\" data-element_type=\"column\">\n\t\t\t<div class=\"elementor-column-wrap elementor-element-populated\">\n\t\t\t\t\t\t\t<div class=\"elementor-widget-wrap\">\n\t\t\t\t\t\t<section class=\"elementor-section elementor-inner-section elementor-element elementor-element-51ed91a elementor-section-boxed elementor-section-height-default elementor-section-height-default\" data-id=\"51ed91a\" data-element_type=\"section\">\n\t\t\t\t\t\t<div class=\"elementor-container elementor-column-gap-no\">\n\t\t\t\t\t\t\t<div class=\"elementor-row\">\n\t\t\t\t\t<div class=\"elementor-column elementor-col-100 elementor-inner-column elementor-element elementor-element-d78af2f sc_inner_width_none sc_content_align_inherit sc_layouts_column_icons_position_left\" data-id=\"d78af2f\" data-element_type=\"column\">\n\t\t\t<div class=\"elementor-column-wrap elementor-element-populated\">\n\t\t\t\t\t\t\t<div class=\"elementor-widget-wrap\">\n\t\t\t\t\t\t<div class=\"elementor-element elementor-element-2a26208 animation_type_block sc_fly_static elementor-widget elementor-widget-heading\" data-id=\"2a26208\" data-element_type=\"widget\" data-widget_type=\"heading.default\">\n\t\t\t\t<div class=\"elementor-widget-container\">\n\t\t\t<h3 class=\"elementor-heading-title elementor-size-default\">Fill in the contact form<\/h3>\t\t<\/div>\n\t\t\t\t<\/div>\n\t\t\t\t<div class=\"elementor-element elementor-element-50e8cd9 animation_type_block sc_fly_static elementor-widget elementor-widget-heading\" data-id=\"50e8cd9\" data-element_type=\"widget\" data-widget_type=\"heading.default\">\n\t\t\t\t<div class=\"elementor-widget-container\">\n\t\t\t<h2 class=\"elementor-heading-title elementor-size-default\">Contact us<\/h2>\t\t<\/div>\n\t\t\t\t<\/div>\n\t\t\t\t\t\t<\/div>\n\t\t\t\t\t<\/div>\n\t\t<\/div>\n\t\t\t\t\t\t\t\t<\/div>\n\t\t\t\t\t<\/div>\n\t\t<\/section>\n\t\t\t\t<div class=\"elementor-element elementor-element-65de5fd animation_type_block sc_fly_static elementor-widget elementor-widget-spacer\" data-id=\"65de5fd\" data-element_type=\"widget\" data-widget_type=\"spacer.default\">\n\t\t\t\t<div class=\"elementor-widget-container\">\n\t\t\t\t\t<div class=\"elementor-spacer\">\n\t\t\t<div class=\"elementor-spacer-inner\"><\/div>\n\t\t<\/div>\n\t\t\t\t<\/div>\n\t\t\t\t<\/div>\n\t\t\t\t<section class=\"elementor-section elementor-inner-section elementor-element elementor-element-52eeb09 elementor-section-full_width elementor-section-height-default elementor-section-height-default\" data-id=\"52eeb09\" data-element_type=\"section\">\n\t\t\t\t\t\t<div class=\"elementor-container elementor-column-gap-extended\">\n\t\t\t\t\t\t\t<div class=\"elementor-row\">\n\t\t\t\t\t<div class=\"elementor-column elementor-col-100 elementor-inner-column elementor-element elementor-element-a4809b9 sc_inner_width_none sc_content_align_inherit sc_layouts_column_icons_position_left\" data-id=\"a4809b9\" data-element_type=\"column\">\n\t\t\t<div class=\"elementor-column-wrap elementor-element-populated\">\n\t\t\t\t\t\t\t<div class=\"elementor-widget-wrap\">\n\t\t\t\t\t\t<div class=\"elementor-element elementor-element-33c49d5 animation_type_block sc_fly_static elementor-widget elementor-widget-trx_sc_contact_form_7\" data-id=\"33c49d5\" data-element_type=\"widget\" data-widget_type=\"trx_sc_contact_form_7.default\">\n\t\t\t\t<div class=\"elementor-widget-container\">\n\t\t\t<div role=\"form\" class=\"wpcf7\" id=\"wpcf7-f9366-o1\" lang=\"en-US\" dir=\"ltr\">\n<div class=\"screen-reader-response\"><p role=\"status\" aria-live=\"polite\" aria-atomic=\"true\"><\/p> <ul><\/ul><\/div>\n<form action=\"\/en\/wp-json\/wp\/v2\/pages\/9334#wpcf7-f9366-o1\" method=\"post\" class=\"wpcf7-form init\" novalidate=\"novalidate\" data-status=\"init\" data-trp-original-action=\"\/en\/wp-json\/wp\/v2\/pages\/9334#wpcf7-f9366-o1\">\n<div style=\"display: none;\">\n<input type=\"hidden\" name=\"_wpcf7\" value=\"9366\" \/>\n<input type=\"hidden\" name=\"_wpcf7_version\" value=\"5.4.1\" \/>\n<input type=\"hidden\" name=\"_wpcf7_locale\" value=\"en_US\" \/>\n<input type=\"hidden\" name=\"_wpcf7_unit_tag\" value=\"wpcf7-f9366-o1\" \/>\n<input type=\"hidden\" name=\"_wpcf7_container_post\" value=\"0\" \/>\n<input type=\"hidden\" name=\"_wpcf7_posted_data_hash\" value=\"\" \/>\n<\/div>\n<div class=\"form-row row-1\">\n<div><span class=\"wpcf7-form-control-wrap field-name\"><input type=\"text\" name=\"field-name\" value=\"\" size=\"40\" class=\"wpcf7-form-control wpcf7-text wpcf7-validates-as-required\" aria-required=\"true\" aria-invalid=\"false\" placeholder=\"Name\" \/><\/span><\/div>\n<div><span class=\"wpcf7-form-control-wrap field-email\"><input type=\"email\" name=\"field-email\" value=\"\" size=\"40\" class=\"wpcf7-form-control wpcf7-text wpcf7-email wpcf7-validates-as-required wpcf7-validates-as-email\" aria-required=\"true\" aria-invalid=\"false\" placeholder=\"Email\" \/><\/span><\/div>\n<\/div>\n<div class=\"form-row\">\n    <span class=\"wpcf7-form-control-wrap field-textarea\"><textarea name=\"field-textarea\" cols=\"40\" rows=\"10\" class=\"wpcf7-form-control wpcf7-textarea wpcf7-validates-as-required\" aria-required=\"true\" aria-invalid=\"false\" placeholder=\"Your message\"><\/textarea><\/span>\n<\/div>\n<div class=\"form-row row-3\">\n<div><span class=\"wpcf7-form-control-wrap field-acceptance\"><span class=\"wpcf7-form-control wpcf7-acceptance\"><span class=\"wpcf7-list-item\"><label><input type=\"checkbox\" name=\"field-acceptance\" value=\"1\" aria-invalid=\"false\" class=\"acceptance-checkbox\" \/><span class=\"wpcf7-list-item-label\">By using this form, you agree to the storage and processing of your data by this website.<\/span><\/label><\/span><\/span><\/span><\/div>\n<div><input type=\"submit\" value=\"Send\" class=\"wpcf7-form-control wpcf7-submit\" \/><\/div>\n<\/div>\n<div class=\"wpcf7-response-output\" aria-hidden=\"true\"><\/div><input type=\"hidden\" name=\"trp-form-language\" value=\"en\"\/><\/form><\/div>\t\t<\/div>\n\t\t\t\t<\/div>\n\t\t\t\t\t\t<\/div>\n\t\t\t\t\t<\/div>\n\t\t<\/div>\n\t\t\t\t\t\t\t\t<\/div>\n\t\t\t\t\t<\/div>\n\t\t<\/section>\n\t\t\t\t\t\t<\/div>\n\t\t\t\t\t<\/div>\n\t\t<\/div>\n\t\t\t\t\t\t\t\t<\/div>\n\t\t\t\t\t<\/div>\n\t\t<\/section>\n\t\t\t\t\t\t\t\t\t<\/div>\n\t\t\t<\/div>\n\t\t\t\t\t<\/div>","protected":false},"excerpt":{"rendered":"<p>ENTRE EM CONTACTO CONNOSCO Contactos Se gostaria de saber mais sobre n\u00f3s, preencha o formul\u00e1rio e vamos falar. At\u00e9 j\u00e1. Siga-nos Morada&hellip;<\/p>","protected":false},"author":18,"featured_media":0,"parent":0,"menu_order":17,"comment_status":"closed","ping_status":"closed","template":"","meta":{"inline_featured_image":false},"categories":[146],"tags":[244,248,114,245],"_links":{"self":[{"href":"https:\/\/manicomio.pt\/en\/wp-json\/wp\/v2\/pages\/9334"}],"collection":[{"href":"https:\/\/manicomio.pt\/en\/wp-json\/wp\/v2\/pages"}],"about":[{"href":"https:\/\/manicomio.pt\/en\/wp-json\/wp\/v2\/types\/page"}],"author":[{"embeddable":true,"href":"https:\/\/manicomio.pt\/en\/wp-json\/wp\/v2\/users\/18"}],"replies":[{"embeddable":true,"href":"https:\/\/manicomio.pt\/en\/wp-json\/wp\/v2\/comments?post=9334"}],"version-history":[{"count":63,"href":"https:\/\/manicomio.pt\/en\/wp-json\/wp\/v2\/pages\/9334\/revisions"}],"predecessor-version":[{"id":12445,"href":"https:\/\/manicomio.pt\/en\/wp-json\/wp\/v2\/pages\/9334\/revisions\/12445"}],"wp:attachment":[{"href":"https:\/\/manicomio.pt\/en\/wp-json\/wp\/v2\/media?parent=9334"}],"wp:term":[{"taxonomy":"category","embeddable":true,"href":"https:\/\/manicomio.pt\/en\/wp-json\/wp\/v2\/categories?post=9334"},{"taxonomy":"post_tag","embeddable":true,"href":"https:\/\/manicomio.pt\/en\/wp-json\/wp\/v2\/tags?post=9334"}],"curies":[{"name":"wp","href":"https:\/\/api.w.org\/{rel}","templated":true}]}}